{"id":210,"date":"2012-03-09T22:04:14","date_gmt":"2012-03-09T21:04:14","guid":{"rendered":"http:\/\/www.avisgallarate.it\/\/?page_id=210"},"modified":"2015-03-17T21:23:44","modified_gmt":"2015-03-17T20:23:44","slug":"avis-e-lo-sport","status":"publish","type":"page","link":"https:\/\/www.ciclisticaavisgallarate.it\/?page_id=210","title":{"rendered":"Sport e donazione"},"content":{"rendered":"<p>&nbsp;<\/p>\n<p>&nbsp;<\/p>\n<p>Molti pensano, forse per nascondere altre paure, che donare sangue indebolisca il corpo e porti una riduzione della prestazione fisica dell&#8217;atleta.<\/p>\n<p>\u00c8 solo un luogo comune donare il sangue fa bene a tutti i livelli di sport, da quello amatoriale a quello agonistico. E se lo fanno giocatori professionisti senza controindicazioni (e anzi con notevole beneficio), a maggior ragione pu\u00f2 donare tranquillamente chi pratica uno sport a livello dilettantistico e amatoriale o fa esercizio fisico di tanto in tanto. L&#8217;unit\u00e0 di sangue prelevata \u00e8 tale da non incidere negativamente sulla condizione fisica della persona.<\/p>\n<p>Al contrario, la donazione stimola una produzione pi\u00f9 veloce di emoglobina da parte del midollo emopoietico, favorendo l&#8217;ossigenazione dei tessuti&#8221;.<\/p>\n<p>Il &#8220;messaggio&#8221; agli atleti, agli sportivi, agli allenatori, ai dirigenti di societ\u00e0 ed ai tifosi \u00e8 dunque quello di donare tranquillamente, perch\u00e9 fa bene e permette di fare del bene! E di sangue ne occorre molto e servono molti giovani donatori; l&#8217;appello viene dall&#8217;AVIS, attraverso le sue rappresentanze comunali, provinciali, regionali e nazionali.<\/p>\n<p>&#8220;Donare il sangue \u00e8 una forma di solidariet\u00e0 sociale e su questo aspetto dobbiamo insistere per convincere i giovani a diventare nuovi volontari dell&#8217;AVIS; e gli sportivi sono sicuramente i soggetti pi\u00f9 adatti per rispondere a questo importante appello&#8221;.<\/p>\n","protected":false},"excerpt":{"rendered":"<p>&nbsp; &nbsp; Molti pensano, forse per nascondere altre paure, che donare sangue indebolisca il corpo e porti una riduzione della prestazione fisica dell&#8217;atleta. \u00c8 solo un luogo comune donare il sangue fa bene a tutti i livelli di sport, da quello amatoriale a quello agonistico. E se lo fanno giocatori professionisti senza controindicazioni (e anzi [&hellip;]<\/p>\n","protected":false},"author":1,"featured_media":0,"parent":0,"menu_order":3,"comment_status":"closed","ping_status":"closed","template":"","meta":{"footnotes":""},"class_list":["post-210","page","type-page","status-publish","hentry"],"_links":{"self":[{"href":"https:\/\/www.ciclisticaavisgallarate.it\/index.php?rest_route=\/wp\/v2\/pages\/210","targetHints":{"allow":["GET"]}}],"collection":[{"href":"https:\/\/www.ciclisticaavisgallarate.it\/index.php?rest_route=\/wp\/v2\/pages"}],"about":[{"href":"https:\/\/www.ciclisticaavisgallarate.it\/index.php?rest_route=\/wp\/v2\/types\/page"}],"author":[{"embeddable":true,"href":"https:\/\/www.ciclisticaavisgallarate.it\/index.php?rest_route=\/wp\/v2\/users\/1"}],"replies":[{"embeddable":true,"href":"https:\/\/www.ciclisticaavisgallarate.it\/index.php?rest_route=%2Fwp%2Fv2%2Fcomments&post=210"}],"version-history":[{"count":1,"href":"https:\/\/www.ciclisticaavisgallarate.it\/index.php?rest_route=\/wp\/v2\/pages\/210\/revisions"}],"predecessor-version":[{"id":1960,"href":"https:\/\/www.ciclisticaavisgallarate.it\/index.php?rest_route=\/wp\/v2\/pages\/210\/revisions\/1960"}],"wp:attachment":[{"href":"https:\/\/www.ciclisticaavisgallarate.it\/index.php?rest_route=%2Fwp%2Fv2%2Fmedia&parent=210"}],"curies":[{"name":"wp","href":"https:\/\/api.w.org\/{rel}","templated":true}]}}